{"id":38,"date":"2025-12-23T17:00:04","date_gmt":"2025-12-23T17:00:04","guid":{"rendered":"https:\/\/spirales.be\/?page_id=38"},"modified":"2026-02-18T22:32:29","modified_gmt":"2026-02-18T22:32:29","slug":"tangonomie-tango-argentin","status":"publish","type":"page","link":"https:\/\/spirales.be\/?page_id=38","title":{"rendered":"Tangonomie &#8211; Tango argentin"},"content":{"rendered":"\n<figure class=\"wp-block-image size-large\"><img loading=\"lazy\" decoding=\"async\" width=\"1024\" height=\"614\" src=\"http:\/\/spirales.be\/wp-content\/uploads\/2025\/11\/ELI-TF_Fotor-Tangonomie-2000-1200-1024x614.jpg\" alt=\"\" class=\"wp-image-39\" srcset=\"https:\/\/spirales.be\/wp-content\/uploads\/2025\/11\/ELI-TF_Fotor-Tangonomie-2000-1200-1024x614.jpg 1024w, https:\/\/spirales.be\/wp-content\/uploads\/2025\/11\/ELI-TF_Fotor-Tangonomie-2000-1200-300x180.jpg 300w, https:\/\/spirales.be\/wp-content\/uploads\/2025\/11\/ELI-TF_Fotor-Tangonomie-2000-1200-768x461.jpg 768w, https:\/\/spirales.be\/wp-content\/uploads\/2025\/11\/ELI-TF_Fotor-Tangonomie-2000-1200-1536x922.jpg 1536w, https:\/\/spirales.be\/wp-content\/uploads\/2025\/11\/ELI-TF_Fotor-Tangonomie-2000-1200.jpg 2000w\" sizes=\"auto, (max-width: 1024px) 100vw, 1024px\" \/><\/figure>\n\n\n\n<p>(www.tangonomie.org = SITE EN re-CONSTRUCTION&#8230;)<br>Pour \u00eatre au courant des activit\u00e9s, inscrivez-vous \u00e0 la <a href=\"https:\/\/wordpress.us3.list-manage.com\/subscribe?u=bdf7795838cc9f4529b2ea476&amp;id=d1ad4bf1e3\">newsletter<\/a><\/p>\n\n\n\n<div class=\"wp-block-group alignfull has-global-padding is-layout-constrained wp-block-group-is-layout-constrained\" style=\"margin-top:0;margin-bottom:0\">\n<div class=\"wp-block-group alignwide is-layout-grid wp-container-core-group-is-layout-4c0ef9c0 wp-block-group-is-layout-grid\" style=\"padding-top:var(--wp--preset--spacing--30);padding-bottom:var(--wp--preset--spacing--30)\">\n<div class=\"wp-block-group is-vertical is-content-justification-stretch is-nowrap is-layout-flex wp-container-core-group-is-layout-627337ab wp-block-group-is-layout-flex\">\n<div class=\"wp-block-group is-vertical is-layout-flex wp-container-core-group-is-layout-fe9cc265 wp-block-group-is-layout-flex\">\n<h2 class=\"wp-block-heading is-style-text-annotation has-medium-font-size is-style-text-annotation--1\">Le <strong>tango argentin<\/strong> est la rencontre de deux \u00eatres qui improvisent dans l&#8217;espace une danse toujours nouvelle. C&#8217;est un dialogue de sensations et d&#8217;\u00e9motions, une m\u00e9ditation en mouvement, la recherche consciente d&#8217;un \u00e9quilibre \u00e0 deux. Dans cette qu\u00eate d&#8217;harmonie, les r\u00f4les, bien d\u00e9finis, se m\u00e9langent et se colorent mutuellement.<\/h2>\n<\/div>\n<\/div>\n\n\n\n<h2 class=\"wp-block-heading is-style-text-annotation has-medium-font-size is-style-text-annotation--2\">Le projet <strong>Tangonomie<\/strong> se propose d&#8217;explorer en profondeur les principes de cet Art de la rencontre avec une approche globale, permettant notamment de d\u00e9velopper la qualit\u00e9 de notre pr\u00e9sence \u00e0 nous-m\u00eames, \u00e0 nos partenaires, \u00e0 la musique et \u00e0 l&#8217;espace, afin de d\u00e9velopper une danse organique et vivante, ressentie et expressive.<\/h2>\n<\/div>\n<\/div>\n\n\n\n<hr class=\"wp-block-separator has-alpha-channel-opacity\"\/>\n\n\n\n<div class=\"wp-block-media-text is-stacked-on-mobile\" style=\"grid-template-columns:39% auto\"><figure class=\"wp-block-media-text__media\"><img loading=\"lazy\" decoding=\"async\" width=\"1024\" height=\"1024\" src=\"https:\/\/spirales.be\/wp-content\/uploads\/2026\/02\/perinee-Tango-1024x1024.jpg\" alt=\"\" class=\"wp-image-65 size-full\" srcset=\"https:\/\/spirales.be\/wp-content\/uploads\/2026\/02\/perinee-Tango-1024x1024.jpg 1024w, https:\/\/spirales.be\/wp-content\/uploads\/2026\/02\/perinee-Tango-300x300.jpg 300w, https:\/\/spirales.be\/wp-content\/uploads\/2026\/02\/perinee-Tango-150x150.jpg 150w, https:\/\/spirales.be\/wp-content\/uploads\/2026\/02\/perinee-Tango-768x768.jpg 768w, https:\/\/spirales.be\/wp-content\/uploads\/2026\/02\/perinee-Tango.jpg 1080w\" sizes=\"auto, (max-width: 1024px) 100vw, 1024px\" \/><\/figure><div class=\"wp-block-media-text__content\">\n<p>Stage Anatomie &amp; Tango : Focus P\u00c9RIN\u00c9E f\u00e9minin<\/p>\n\n\n\n<p>Pour la journ\u00e9e internationale des droits des femmes, un focus sur le p\u00e9rin\u00e9e f\u00e9minin, au plus intime de nos corps dansants.<br><br><strong>Dimanche 8 f\u00e9vrier 2026<\/strong><br><strong>de 10h \u00e0 13h<br>@ Spirales (Schaerbeek)<\/strong><br><\/p>\n\n\n\n<div class=\"wp-block-buttons is-layout-flex wp-block-buttons-is-layout-flex\">\n<div class=\"wp-block-button\"><a class=\"wp-block-button__link has-background wp-element-button\" href=\"mailto:elisabethmullier@yahoo.com?subject=Tangonomie%20-%20info%20%2F%20inscription\" style=\"background-color:#0f5450\">Info &amp; Inscriptions<\/a><\/div>\n<\/div>\n<\/div><\/div>\n\n\n\n<hr class=\"wp-block-separator has-text-color has-alpha-channel-opacity has-background is-style-default\" style=\"background-color:#0f5054;color:#0f5054\"\/>\n\n\n\n<div class=\"wp-block-group alignfull has-global-padding is-layout-constrained wp-block-group-is-layout-constrained\" style=\"margin-top:0;margin-bottom:0\">\n<div class=\"wp-block-group alignwide is-layout-flow wp-container-core-group-is-layout-d58a0413 wp-block-group-is-layout-flow\" style=\"padding-top:var(--wp--preset--spacing--50);padding-bottom:var(--wp--preset--spacing--50)\">\n<h2 class=\"wp-block-heading has-x-large-font-size\">Cours r\u00e9guliers<\/h2>\n\n\n\n<div class=\"wp-block-columns is-layout-flex wp-container-core-columns-is-layout-cbe57604 wp-block-columns-is-layout-flex\">\n<div class=\"wp-block-column is-layout-flow wp-block-column-is-layout-flow\">\n<div class=\"wp-block-group is-layout-flow wp-block-group-is-layout-flow\" style=\"border-top-color:var(--wp--preset--color--accent-6);border-top-width:1px;padding-top:var(--wp--preset--spacing--30);padding-bottom:var(--wp--preset--spacing--30)\">\n<h3 class=\"wp-block-heading\">Technique f\u00e9minine<\/h3>\n\n\n\n<p class=\"has-medium-font-size\">L&#8217;objectif de ces cours est de renforcer les \u00e9l\u00e9ments fondamentaux sur lesquels nous construisons notre tango : \u00e9quilibre et posture &#8211; force, stabilit\u00e9 et fluidit\u00e9 dans nos d\u00e9placements &#8211; dissociation et confort lors de nos pivots&#8230;<\/p>\n\n\n\n<p class=\"has-medium-font-size\">Mieux comprendre ce que nous faisons pour choisir comment nous le faisons, et ainsi gagner en confiance et en aisance dans nos mouvements. Pour augmenter notre plaisir en dansant avec nos partenaires !<br><br><strong>Dates :<\/strong><br>Cycle janvier &#8211; f\u00e9vrier : <br>07\/01 + 14\/01 + 21\/01 + 28\/01 + 04\/02 + 11\/02<br>Cycle mars &#8211; avril :<br>04\/03 + 11\/03 + 18\/03 + 25\/03 + 01\/04 + 08\/04<br><\/p>\n<\/div>\n<\/div>\n\n\n\n<div class=\"wp-block-column is-layout-flow wp-block-column-is-layout-flow\">\n<div class=\"wp-block-group is-layout-flow wp-block-group-is-layout-flow\" style=\"border-top-color:var(--wp--preset--color--accent-6);border-top-width:1px;padding-top:var(--wp--preset--spacing--30);padding-bottom:var(--wp--preset--spacing--30)\">\n<div class=\"wp-block-group has-global-padding is-layout-constrained wp-block-group-is-layout-constrained\">\n<div class=\"wp-block-cover has-large-font-size\" style=\"min-height:270px;aspect-ratio:unset;\"><img loading=\"lazy\" decoding=\"async\" width=\"1080\" height=\"721\" class=\"wp-block-cover__image-background wp-image-41 size-full\" alt=\"\" src=\"https:\/\/spirales.be\/wp-content\/uploads\/2025\/11\/Eli-TF.jpg\" style=\"object-position:5% 96%\" data-object-fit=\"cover\" data-object-position=\"5% 96%\" srcset=\"https:\/\/spirales.be\/wp-content\/uploads\/2025\/11\/Eli-TF.jpg 1080w, https:\/\/spirales.be\/wp-content\/uploads\/2025\/11\/Eli-TF-300x200.jpg 300w, https:\/\/spirales.be\/wp-content\/uploads\/2025\/11\/Eli-TF-1024x684.jpg 1024w, https:\/\/spirales.be\/wp-content\/uploads\/2025\/11\/Eli-TF-768x513.jpg 768w\" sizes=\"auto, (max-width: 1080px) 100vw, 1080px\" \/><span aria-hidden=\"true\" class=\"wp-block-cover__background has-background-dim\" style=\"background-color:#5b2685\"><\/span><div class=\"wp-block-cover__inner-container is-layout-flow wp-block-cover-is-layout-flow\">\n<p class=\"has-text-align-right is-style-default has-medium-font-size\"><strong>Mercredis 19h30-20h30<br>A partir de janvier 2026<br>@Spirales (Schaerbeek)<\/strong><\/p>\n<\/div><\/div>\n<\/div>\n<\/div>\n\n\n\n<div class=\"wp-block-buttons is-layout-flex wp-block-buttons-is-layout-flex\">\n<div class=\"wp-block-button\"><a class=\"wp-block-button__link has-background wp-element-button\" href=\"mailto:elisabethmullier@yahoo.com?subject=Tangonomie%20-%20info%20%2F%20inscription\" style=\"background-color:#0f5450\">Infos &amp; Inscriptions : elisabethmullier@yahoo.com<\/a><\/div>\n<\/div>\n<\/div>\n<\/div>\n\n\n\n<hr class=\"wp-block-separator has-text-color has-alpha-channel-opacity has-background\" style=\"background-color:#0f5450;color:#0f5450\"\/>\n\n\n\n<div class=\"wp-block-columns is-layout-flex wp-container-core-columns-is-layout-cbe57604 wp-block-columns-is-layout-flex\">\n<div class=\"wp-block-column is-layout-flow wp-block-column-is-layout-flow\">\n<div class=\"wp-block-group is-layout-flow wp-block-group-is-layout-flow\" style=\"border-top-color:var(--wp--preset--color--accent-6);border-top-width:1px;padding-top:var(--wp--preset--spacing--30);padding-bottom:var(--wp--preset--spacing--30)\">\n<h3 class=\"wp-block-heading\">Cycle &#8220;Les Pr\u00e9mices du tango argentin&#8221;<\/h3>\n\n\n\n<p class=\"has-medium-font-size\">Cycles de 6 semaines pour (re)d\u00e9couvrir les bases du tango argentin, avec une approche sensible et globale.<\/p>\n\n\n\n<p class=\"has-medium-font-size\">Nous explorerons en profondeur les \u00e9l\u00e9ments fondamentaux du tango : la posture physique et mentale, la rencontre avec son partenaire et la connexion qui s\u2019\u00e9tablit dans l\u2019abrazo, l\u2019\u00e9coute mutuelle qui permet le dialogue dans\u00e9 et les d\u00e9placements dans l\u2019espace. <\/p>\n\n\n\n<p class=\"has-medium-font-size\">L&#8217;apprentissage du vocabulaire de base du tango argentin nous permettra d&#8217;entrer rapidement dans le plaisir de la danse en duo et de l&#8217;improvisation. <\/p>\n\n\n\n<p class=\"has-medium-font-size\">Nous mettrons un accent particulier sur les sp\u00e9cificit\u00e9s de l\u2019\u00e9nergie f\u00e9minine, incarn\u00e9e par le r\u00f4le de la femme, et sur celles de l\u2019\u00e9nergie masculine, incarn\u00e9e par le r\u00f4le de l\u2019homme. Diff\u00e9rences et compl\u00e9mentarit\u00e9, points communs aussi. Pour affiner notre art de la relation\u2026<\/p>\n\n\n\n<div class=\"wp-block-buttons is-layout-flex wp-block-buttons-is-layout-flex\">\n<div class=\"wp-block-button\"><a class=\"wp-block-button__link has-background has-medium-font-size has-custom-font-size wp-element-button\" href=\"mailto:elisabethmullier@yahoo.com?subject=Tangonomie%20-%20info%20%2F%20inscription\" style=\"background-color:#0f5450\">Info &amp; Inscription : elisabethmullier@yahoo.com<\/a><\/div>\n<\/div>\n<\/div>\n<\/div>\n\n\n\n<div class=\"wp-block-column is-layout-flow wp-block-column-is-layout-flow\">\n<div class=\"wp-block-group is-layout-flow wp-block-group-is-layout-flow\" style=\"border-top-color:var(--wp--preset--color--accent-6);border-top-width:1px;padding-top:var(--wp--preset--spacing--30);padding-bottom:var(--wp--preset--spacing--30)\">\n<h3 class=\"wp-block-heading\">Ce cycle est ouvert \u00e0 tous, quel que soit le niveau d&#8217;exp\u00e9rience en tango argentin.<\/h3>\n\n\n\n<figure class=\"wp-block-image size-full\"><img loading=\"lazy\" decoding=\"async\" width=\"474\" height=\"315\" src=\"http:\/\/spirales.be\/wp-content\/uploads\/2025\/11\/tangoduende-kiosque.webp\" alt=\"\" class=\"wp-image-32\" srcset=\"https:\/\/spirales.be\/wp-content\/uploads\/2025\/11\/tangoduende-kiosque.webp 474w, https:\/\/spirales.be\/wp-content\/uploads\/2025\/11\/tangoduende-kiosque-300x199.webp 300w\" sizes=\"auto, (max-width: 474px) 100vw, 474px\" \/><\/figure>\n\n\n\n<p class=\"has-base-color has-text-color has-background has-link-color wp-elements-9d700b2e262f6de3b8ac4c71b4b5642c\" style=\"background-color:#0f5450\">JAN-FEV 2026<br>09\/01 + 16\/01 + 23\/01 + 30\/01 + 06\/02 + 13\/02<br><br><em>MARS-AVRIL 2026 (\u00e0 confirmer)<br>06\/03 + 13\/03 + 20\/03 + 27\/03 + 03\/04 + 10\/04<\/em><\/p>\n<\/div>\n<\/div>\n<\/div>\n\n\n\n<div class=\"wp-block-group alignfull has-global-padding is-layout-constrained wp-block-group-is-layout-constrained\" style=\"margin-top:0;margin-bottom:0\">\n<div class=\"wp-block-group alignwide is-layout-flow wp-container-core-group-is-layout-d58a0413 wp-block-group-is-layout-flow\" style=\"padding-top:var(--wp--preset--spacing--50);padding-bottom:var(--wp--preset--spacing--50)\">\n<h2 class=\"wp-block-heading has-x-large-font-size\">Cours particuliers &amp; en petits groupes<\/h2>\n\n\n\n<div class=\"wp-block-columns is-layout-flex wp-container-core-columns-is-layout-cbe57604 wp-block-columns-is-layout-flex\">\n<div class=\"wp-block-column is-layout-flow wp-block-column-is-layout-flow\">\n<div class=\"wp-block-group is-layout-flow wp-block-group-is-layout-flow\" style=\"border-top-color:var(--wp--preset--color--accent-6);border-top-width:1px;padding-top:var(--wp--preset--spacing--30);padding-bottom:var(--wp--preset--spacing--30)\">\n<h3 class=\"wp-block-heading is-style-text-annotation has-medium-font-size is-style-text-annotation--3\"><strong>Cours particulier :<\/strong> Un moment pour aborder sp\u00e9cifiquement les th\u00e9matiques qui vous souhaitez approfondir, parce qu&#8217;elles vous inspirent et\/ou repr\u00e9sentent une difficult\u00e9 dans votre parcours tango personnel. Mes &#8220;dadas&#8221; sont la qualit\u00e9 de pr\u00e9sence, le travail postural (physique et mental), la relaxation dans la connexion, la compr\u00e9hension fine des principes de mouvement (pr\u00e9cision et confort), et la capacit\u00e9 \u00e0 improviser (structure et expressivit\u00e9).<\/h3>\n\n\n\n<p class=\"has-medium-font-size\">Sur RDV \u00e0 Spirales (Schaerbeek) : +32 476 318 293 <\/p>\n\n\n\n<h3 class=\"wp-block-heading is-style-text-annotation has-medium-font-size is-style-text-annotation--4\"><strong>Cours en petits groupes :<\/strong> Vous souhaitez allier le plaisir de danser le tango avec celui de partager du temps avec des amis ? Cette formule sur mesure est destin\u00e9e \u00e0 des petits groupes de 2 \u00e0 4 duos, pour des cycles de 3 \u00e0 6 semaines. Cela permet de personnaliser l&#8217;enseignement en fonction des pr\u00e9-requis, besoins sp\u00e9cifiques et souhaits.<\/h3>\n<\/div>\n<\/div>\n<\/div>\n<\/div>\n<\/div>\n\n\n\n<div class=\"wp-block-group alignwide is-layout-flow wp-container-core-group-is-layout-d58a0413 wp-block-group-is-layout-flow\" style=\"padding-top:var(--wp--preset--spacing--50);padding-bottom:var(--wp--preset--spacing--50)\">\n<h2 class=\"wp-block-heading has-x-large-font-size\">Stages sp\u00e9cifiques<\/h2>\n\n\n\n<div class=\"wp-block-columns is-layout-flex wp-container-core-columns-is-layout-cbe57604 wp-block-columns-is-layout-flex\">\n<div class=\"wp-block-column is-layout-flow wp-block-column-is-layout-flow\">\n<div class=\"wp-block-group is-layout-flow wp-block-group-is-layout-flow\" style=\"border-top-color:var(--wp--preset--color--accent-6);border-top-width:1px;padding-top:var(--wp--preset--spacing--30);padding-bottom:var(--wp--preset--spacing--30)\">\n<h3 class=\"wp-block-heading\"><strong>Stages de technique f\u00e9minine <\/strong><br><strong>&#8220;Anatomie &amp; Tango&#8221;<\/strong><\/h3>\n\n\n\n<p class=\"has-medium-font-size\">Des stages visant \u00e0 allier (re)connaissance anatomique, perception subtile, visualisation po\u00e9tique et ressenti pour gagner en pr\u00e9cision et en libert\u00e9, et d\u00e9cupler sensations et expressivit\u00e9 dans la danse.<\/p>\n\n\n\n<p class=\"has-medium-font-size\">Une partie du stage est consacr\u00e9e \u00e0 l&#8217;exploration d&#8217;une partie du corps par des exercices provenant de diverses disciplines. Ensuite, nous replongeons dans la technique f\u00e9minine du tango pour \u00e9tablir des liens et danser avec des sensations enrichies.<\/p>\n\n\n\n<p class=\"has-medium-font-size\"><strong>Prochaines dates <\/strong><\/p>\n\n\n\n<p class=\"has-medium-font-size\">08\/02\/2026<br>08\/03\/2026<br>12\/04\/2026<br><br><\/p>\n<\/div>\n<\/div>\n\n\n\n<div class=\"wp-block-column is-layout-flow wp-block-column-is-layout-flow\">\n<div class=\"wp-block-group is-layout-flow wp-block-group-is-layout-flow\" style=\"border-top-color:var(--wp--preset--color--accent-6);border-top-width:1px;padding-top:var(--wp--preset--spacing--30);padding-bottom:var(--wp--preset--spacing--30)\">\n<h3 class=\"wp-block-heading\"><strong>Stages &#8220;Tango &amp; B\u00e2ton&#8221;<\/strong><\/h3>\n\n\n\n<div class=\"wp-block-group has-global-padding is-layout-constrained wp-block-group-is-layout-constrained\">\n<div class=\"wp-block-cover\"><img loading=\"lazy\" decoding=\"async\" width=\"474\" height=\"474\" class=\"wp-block-cover__image-background wp-image-42\" alt=\"\" src=\"http:\/\/spirales.be\/wp-content\/uploads\/2025\/11\/TN-baton.jpg\" data-object-fit=\"cover\" srcset=\"https:\/\/spirales.be\/wp-content\/uploads\/2025\/11\/TN-baton.jpg 474w, https:\/\/spirales.be\/wp-content\/uploads\/2025\/11\/TN-baton-300x300.jpg 300w, https:\/\/spirales.be\/wp-content\/uploads\/2025\/11\/TN-baton-150x150.jpg 150w\" sizes=\"auto, (max-width: 474px) 100vw, 474px\" \/><span aria-hidden=\"true\" class=\"wp-block-cover__background has-background-dim\"><\/span><div class=\"wp-block-cover__inner-container is-layout-flow wp-block-cover-is-layout-flow\">\n<p class=\"is-style-default has-medium-font-size\">La danse avec le b\u00e2ton nous invite \u00e0 pr\u00e9ciser nos directions dans l\u2019espace ainsi qu\u2019\u00e0 affirmer nos intentions. Prolongation et amplification de nos mouvements, il r\u00e9v\u00e8le l\u2019invisible. Nous explorerons ainsi nos rep\u00e8res corporels et spatiaux, en solo et en duo afin de gagner en pr\u00e9cision et en libert\u00e9 en tango.<\/p>\n<\/div><\/div>\n<\/div>\n<\/div>\n<\/div>\n<\/div>\n\n\n\n<div class=\"wp-block-columns is-layout-flex wp-container-core-columns-is-layout-cbe57604 wp-block-columns-is-layout-flex\">\n<div class=\"wp-block-column is-layout-flow wp-block-column-is-layout-flow\">\n<div class=\"wp-block-group is-layout-flow wp-block-group-is-layout-flow\" style=\"border-top-color:var(--wp--preset--color--accent-6);border-top-width:1px;padding-top:var(--wp--preset--spacing--30);padding-bottom:var(--wp--preset--spacing--30)\">\n<p class=\"has-medium-font-size\"><\/p>\n<\/div>\n<\/div>\n\n\n\n<div class=\"wp-block-column is-layout-flow wp-block-column-is-layout-flow\">\n<figure class=\"wp-block-image size-full\"><img loading=\"lazy\" decoding=\"async\" width=\"1980\" height=\"1498\" src=\"http:\/\/spirales.be\/wp-content\/uploads\/2025\/11\/AKDT-Tango-Eli_1.jpg\" alt=\"\" class=\"wp-image-34\" srcset=\"https:\/\/spirales.be\/wp-content\/uploads\/2025\/11\/AKDT-Tango-Eli_1.jpg 1980w, https:\/\/spirales.be\/wp-content\/uploads\/2025\/11\/AKDT-Tango-Eli_1-300x227.jpg 300w, https:\/\/spirales.be\/wp-content\/uploads\/2025\/11\/AKDT-Tango-Eli_1-1024x775.jpg 1024w, https:\/\/spirales.be\/wp-content\/uploads\/2025\/11\/AKDT-Tango-Eli_1-768x581.jpg 768w, https:\/\/spirales.be\/wp-content\/uploads\/2025\/11\/AKDT-Tango-Eli_1-1536x1162.jpg 1536w\" sizes=\"auto, (max-width: 1980px) 100vw, 1980px\" \/><\/figure>\n<\/div>\n<\/div>\n<\/div>\n<\/div>\n\n\n\n<div class=\"wp-block-group alignwide is-layout-flow wp-container-core-group-is-layout-d58a0413 wp-block-group-is-layout-flow\" style=\"padding-top:var(--wp--preset--spacing--50);padding-bottom:var(--wp--preset--spacing--50)\">\n<h2 class=\"wp-block-heading has-x-large-font-size\">Quelques th\u00e9matiques abord\u00e9es dans le projet Tangonomie&#8230;<\/h2>\n\n\n\n<div class=\"wp-block-columns is-layout-flex wp-container-core-columns-is-layout-cbe57604 wp-block-columns-is-layout-flex\">\n<div class=\"wp-block-column is-layout-flow wp-block-column-is-layout-flow\">\n<div class=\"wp-block-group is-layout-flow wp-block-group-is-layout-flow\" style=\"border-top-color:var(--wp--preset--color--accent-6);border-top-width:1px;padding-top:var(--wp--preset--spacing--30);padding-bottom:var(--wp--preset--spacing--30)\">\n<p>Double-r\u00f4le : F\u00e9minin &amp; Masculin<\/p>\n\n\n\n<p class=\"has-medium-font-size\">Explorer<strong> les deux r\u00f4les<\/strong> afin d&#8217;en cerner les contours, les diff\u00e9rences et les points communs. Afin d&#8217;en comprendre les particularit\u00e9s, les besoins sp\u00e9cifiques, les exigences. Go\u00fbter \u00e0 ces deux fa\u00e7ons diff\u00e9rentes d&#8217;entrer dans la relation et dans la danse. Cultiver ainsi les qualit\u00e9s de ces deux \u00e9nergies.<br><br><em>Dans son \u00e9nergie masculine, le Tango enseigne la rigueur, le positionnement, l&#8217;affirmation d&#8217;intentions, la communication, les directions dans l&#8217;espace, l&#8217;action et la cr\u00e9ation. L&#8217;\u00e9nergie f\u00e9minine du Tango d\u00e9veloppe l&#8217;ouverture au moment pr\u00e9sent, la sensualit\u00e9 de l&#8217;ici et maintenant, accueillant ce qui est l\u00e0, instant apr\u00e8s instant, et y r\u00e9pondant pleinement. Le couple en tango est la fusion des compl\u00e9mentaires, cr\u00e9ant une vibration unique dans laquelle le f\u00e9minin et le masculin de chacun s&#8217;enlacent le temps d&#8217;une danse.<\/em><\/p>\n<\/div>\n<\/div>\n\n\n\n<div class=\"wp-block-column is-layout-flow wp-block-column-is-layout-flow\">\n<div class=\"wp-block-group is-layout-flow wp-block-group-is-layout-flow\" style=\"border-top-color:var(--wp--preset--color--accent-6);border-top-width:1px;padding-top:var(--wp--preset--spacing--30);padding-bottom:var(--wp--preset--spacing--30)\">\n<h3 class=\"wp-block-heading is-style-text-annotation has-medium-font-size is-style-text-annotation--5\"><strong>Double-r\u00f4le<\/strong> : passer de l&#8217;autre c\u00f4t\u00e9 du miroir. Pratiquer les deux r\u00f4les permet de d\u00e9velopper nos qualit\u00e9s relationnelles et communicationnelles : clart\u00e9, \u00e9coute r\u00e9ciproque, empathie et respect mutuel. Il ne s&#8217;agit pas &#8220;d&#8217;apprendre \u00e0 tout faire dans les deux r\u00f4les&#8221;, mais bien d&#8217;en comprendre intimement les qualit\u00e9s et les exigences, afin de&nbsp;mieux incarner celui que l&#8217;on choisit.<\/h3>\n<\/div>\n<\/div>\n<\/div>\n\n\n\n<div class=\"wp-block-columns is-layout-flex wp-container-core-columns-is-layout-cbe57604 wp-block-columns-is-layout-flex\">\n<div class=\"wp-block-column is-layout-flow wp-block-column-is-layout-flow\">\n<div class=\"wp-block-group is-layout-flow wp-block-group-is-layout-flow\" style=\"border-top-color:var(--wp--preset--color--accent-6);border-top-width:1px;padding-top:var(--wp--preset--spacing--30);padding-bottom:var(--wp--preset--spacing--30)\">\n<h3 class=\"wp-block-heading\">Technique corporelle du Tango argentin<\/h3>\n\n\n\n<p class=\"has-medium-font-size\">Toute une s\u00e9rie d&#8217;exercices pour retrouver la fluidit\u00e9 de la technique tango, ses lignes et ses spirales, ses pivots, ochos et giros.<\/p>\n<\/div>\n<\/div>\n\n\n\n<div class=\"wp-block-column is-layout-flow wp-block-column-is-layout-flow\">\n<div class=\"wp-block-group is-layout-flow wp-block-group-is-layout-flow\" style=\"border-top-color:var(--wp--preset--color--accent-6);border-top-width:1px;padding-top:var(--wp--preset--spacing--30);padding-bottom:var(--wp--preset--spacing--30)\">\n<h3 class=\"wp-block-heading\">(re) CONNEXION<\/h3>\n\n\n\n<p class=\"has-medium-font-size\"><strong>Reconnexion \u00e0 soi<\/strong> : se concentrer sur soi afin de se pr\u00e9parer \u00e0 rencontrer l&#8217;autre.<br>Qualit\u00e9 de pr\u00e9sence, \u00e9veil des sens, conscience corporelle, alignement et \u00e9quilibre, force et souplesse, perception et orientation dans l&#8217;espace, musicalit\u00e9\u2026<br><br><strong>Reconnexion aux autres<\/strong> : renforcer notre capacit\u00e9 \u00e0 \u00eatre enti\u00e8rement pr\u00e9sent et r\u00e9ceptif \u00e0 nos partenaires ; entrer en r\u00e9sonance, s&#8217;accorder \u00e0 ce que l&#8217;on ressent et per\u00e7oit pour (r\u00e9)agir en cons\u00e9quence ; cr\u00e9er une danse vivante en duo ; sentir le groupe vibrer ensemble.<\/p>\n<\/div>\n<\/div>\n<\/div>\n<\/div>\n<\/div>\n\n\n\n<hr class=\"wp-block-separator has-text-color has-alpha-channel-opacity has-background is-style-default\" style=\"background-color:#0f5054;color:#0f5054\"\/>\n\n\n\n<hr class=\"wp-block-separator has-text-color has-alpha-channel-opacity has-background is-style-default\" style=\"margin-top:var(--wp--preset--spacing--20);margin-bottom:var(--wp--preset--spacing--20);background-color:#0f5054;color:#0f5054\"\/>\n\n\n\n<div class=\"wp-block-group alignfull has-global-padding is-layout-constrained wp-block-group-is-layout-constrained\" style=\"margin-top:0;margin-bottom:0\"><\/div>\n\n\n\n<hr class=\"wp-block-separator has-alpha-channel-opacity\"\/>\n\n\n\n<hr class=\"wp-block-separator has-alpha-channel-opacity\"\/>\n\n\n\n<p><\/p>\n","protected":false},"excerpt":{"rendered":"<p>(www.tangonomie.org = SITE EN re-CONSTRUCTION&#8230;)Pour \u00eatre au courant des activit\u00e9s, inscrivez-vous \u00e0 la newsletter Le tango argentin est la rencontre de deux \u00eatres qui improvisent dans l&#8217;espace une danse toujours nouvelle. C&#8217;est un dialogue de sensations et d&#8217;\u00e9motions, une m\u00e9ditation en mouvement, la recherche consciente d&#8217;un \u00e9quilibre \u00e0 deux. Dans cette qu\u00eate d&#8217;harmonie, les r\u00f4les, [&hellip;]<\/p>\n","protected":false},"author":1,"featured_media":0,"parent":0,"menu_order":0,"comment_status":"closed","ping_status":"closed","template":"","meta":{"footnotes":""},"class_list":["post-38","page","type-page","status-publish","hentry"],"_links":{"self":[{"href":"https:\/\/spirales.be\/index.php?rest_route=\/wp\/v2\/pages\/38","targetHints":{"allow":["GET"]}}],"collection":[{"href":"https:\/\/spirales.be\/index.php?rest_route=\/wp\/v2\/pages"}],"about":[{"href":"https:\/\/spirales.be\/index.php?rest_route=\/wp\/v2\/types\/page"}],"author":[{"embeddable":true,"href":"https:\/\/spirales.be\/index.php?rest_route=\/wp\/v2\/users\/1"}],"replies":[{"embeddable":true,"href":"https:\/\/spirales.be\/index.php?rest_route=%2Fwp%2Fv2%2Fcomments&post=38"}],"version-history":[{"count":19,"href":"https:\/\/spirales.be\/index.php?rest_route=\/wp\/v2\/pages\/38\/revisions"}],"predecessor-version":[{"id":69,"href":"https:\/\/spirales.be\/index.php?rest_route=\/wp\/v2\/pages\/38\/revisions\/69"}],"wp:attachment":[{"href":"https:\/\/spirales.be\/index.php?rest_route=%2Fwp%2Fv2%2Fmedia&parent=38"}],"curies":[{"name":"wp","href":"https:\/\/api.w.org\/{rel}","templated":true}]}}